{"id":981,"date":"2025-10-09T11:08:36","date_gmt":"2025-10-09T11:08:36","guid":{"rendered":"https:\/\/ventamar.com\/?page_id=981"},"modified":"2025-10-14T10:13:09","modified_gmt":"2025-10-14T10:13:09","slug":"deslizante","status":"publish","type":"page","link":"https:\/\/ventamar.com\/?page_id=981","title":{"rendered":"Deslizante"},"content":{"rendered":"\t\t<div data-elementor-type=\"wp-page\" data-elementor-id=\"981\" class=\"elementor elementor-981\" data-elementor-post-type=\"page\">\n\t\t\t\t<div class=\"elementor-element elementor-element-e0944d3 e-flex e-con-boxed e-con e-parent\" data-id=\"e0944d3\" data-element_type=\"container\">\n\t\t\t\t\t<div class=\"e-con-inner\">\n\t\t<div class=\"elementor-element elementor-element-c3079a1 e-con-full e-flex e-con e-child\" data-id=\"c3079a1\" data-element_type=\"container\">\n\t\t\t\t<div class=\"elementor-element elementor-element-6e7bc7e elementor-widget elementor-widget-image\" data-id=\"6e7bc7e\" data-element_type=\"widget\" data-widget_type=\"image.default\">\n\t\t\t\t\t\t\t\t\t\t\t\t\t\t\t<img decoding=\"async\" width=\"214\" height=\"150\" src=\"https:\/\/ventamar.com\/wp-content\/uploads\/2025\/10\/corredera-1.gif\" class=\"attachment-medium size-medium wp-image-1683\" alt=\"\" \/>\t\t\t\t\t\t\t\t\t\t\t\t\t\t\t<\/div>\n\t\t\t\t<\/div>\n\t\t\t\t<div class=\"elementor-element elementor-element-e748ab4 elementor-widget elementor-widget-text-editor\" data-id=\"e748ab4\" data-element_type=\"widget\" data-widget_type=\"text-editor.default\">\n\t\t\t\t\t\t\t\t\t<p>Las ventanas deslizantes cuentan con la ventaja de que su apertura no ocupa espacio. Sus modernos dise\u00f1os unidos a la calidad de los perfiles garantizan un deslizamiento suave y silencioso<\/p>\t\t\t\t\t\t\t\t<\/div>\n\t\t<div class=\"elementor-element elementor-element-e095750 e-con-full e-flex e-con e-child\" data-id=\"e095750\" data-element_type=\"container\">\n\t\t<div class=\"elementor-element elementor-element-ce692da e-grid e-con-full e-con e-child\" data-id=\"ce692da\" data-element_type=\"container\">\n\t\t\t\t<div class=\"elementor-element elementor-element-2c4d7e9 elementor-align-center elementor-widget elementor-widget-button\" data-id=\"2c4d7e9\" data-element_type=\"widget\" data-widget_type=\"button.default\">\n\t\t\t\t\t\t\t\t\t\t<a class=\"elementor-button elementor-button-link elementor-size-sm\" href=\"#\">\n\t\t\t\t\t\t<span class=\"elementor-button-content-wrapper\">\n\t\t\t\t\t\t\t\t\t<span class=\"elementor-button-text\">Corredera<\/span>\n\t\t\t\t\t<\/span>\n\t\t\t\t\t<\/a>\n\t\t\t\t\t\t\t\t<\/div>\n\t\t\t\t<div class=\"elementor-element elementor-element-8a808cb elementor-align-center elementor-widget elementor-widget-button\" data-id=\"8a808cb\" data-element_type=\"widget\" data-widget_type=\"button.default\">\n\t\t\t\t\t\t\t\t\t\t<a class=\"elementor-button elementor-button-link elementor-size-sm\" href=\"#\">\n\t\t\t\t\t\t<span class=\"elementor-button-content-wrapper\">\n\t\t\t\t\t\t\t\t\t<span class=\"elementor-button-text\">Corredera elevadora<\/span>\n\t\t\t\t\t<\/span>\n\t\t\t\t\t<\/a>\n\t\t\t\t\t\t\t\t<\/div>\n\t\t\t\t<div class=\"elementor-element elementor-element-8397c78 elementor-align-center elementor-widget elementor-widget-button\" data-id=\"8397c78\" data-element_type=\"widget\" data-widget_type=\"button.default\">\n\t\t\t\t\t\t\t\t\t\t<a class=\"elementor-button elementor-button-link elementor-size-sm\" href=\"#\">\n\t\t\t\t\t\t<span class=\"elementor-button-content-wrapper\">\n\t\t\t\t\t\t\t\t\t<span class=\"elementor-button-text\">Plegable<\/span>\n\t\t\t\t\t<\/span>\n\t\t\t\t\t<\/a>\n\t\t\t\t\t\t\t\t<\/div>\n\t\t\t\t<div class=\"elementor-element elementor-element-fc03b6d elementor-align-center elementor-widget elementor-widget-button\" data-id=\"fc03b6d\" data-element_type=\"widget\" data-widget_type=\"button.default\">\n\t\t\t\t\t\t\t\t\t\t<a class=\"elementor-button elementor-button-link elementor-size-sm\" href=\"#\">\n\t\t\t\t\t\t<span class=\"elementor-button-content-wrapper\">\n\t\t\t\t\t\t\t\t\t<span class=\"elementor-button-text\">Oscilo Paralela<\/span>\n\t\t\t\t\t<\/span>\n\t\t\t\t\t<\/a>\n\t\t\t\t\t\t\t\t<\/div>\n\t\t\t\t<\/div>\n\t\t\t\t<\/div>\n\t\t\t\t\t<\/div>\n\t\t\t\t<\/div>\n\t\t<div class=\"elementor-element elementor-element-be587d4 e-grid e-con-boxed e-con e-parent\" data-id=\"be587d4\" data-element_type=\"container\">\n\t\t\t\t\t<div class=\"e-con-inner\">\n\t\t\t\t<div class=\"elementor-element elementor-element-db85bea elementor-widget elementor-widget-image\" data-id=\"db85bea\" data-element_type=\"widget\" data-widget_type=\"image.default\">\n\t\t\t\t\t\t\t\t\t\t\t\t\t\t\t<img decoding=\"async\" width=\"185\" height=\"170\" src=\"https:\/\/ventamar.com\/wp-content\/uploads\/2025\/10\/Corredera.png\" class=\"attachment-large size-large wp-image-994\" alt=\"\" \/>\t\t\t\t\t\t\t\t\t\t\t\t\t\t\t<\/div>\n\t\t\t\t<div class=\"elementor-element elementor-element-3e30870 elementor-widget elementor-widget-image\" data-id=\"3e30870\" data-element_type=\"widget\" data-widget_type=\"image.default\">\n\t\t\t\t\t\t\t\t\t\t\t\t\t\t\t<img decoding=\"async\" width=\"185\" height=\"170\" src=\"https:\/\/ventamar.com\/wp-content\/uploads\/2025\/10\/Corredera-elevadora.png\" class=\"attachment-large size-large wp-image-995\" alt=\"\" \/>\t\t\t\t\t\t\t\t\t\t\t\t\t\t\t<\/div>\n\t\t\t\t<div class=\"elementor-element elementor-element-c7fe6c7 elementor-widget elementor-widget-image\" data-id=\"c7fe6c7\" data-element_type=\"widget\" data-widget_type=\"image.default\">\n\t\t\t\t\t\t\t\t\t\t\t\t\t\t\t<img loading=\"lazy\" decoding=\"async\" width=\"185\" height=\"170\" src=\"https:\/\/ventamar.com\/wp-content\/uploads\/2025\/10\/Oscilo-paralela.png\" class=\"attachment-large size-large wp-image-996\" alt=\"\" \/>\t\t\t\t\t\t\t\t\t\t\t\t\t\t\t<\/div>\n\t\t\t\t<div class=\"elementor-element elementor-element-347fbe2 elementor-widget elementor-widget-image\" data-id=\"347fbe2\" data-element_type=\"widget\" data-widget_type=\"image.default\">\n\t\t\t\t\t\t\t\t\t\t\t\t\t\t\t<img loading=\"lazy\" decoding=\"async\" width=\"185\" height=\"170\" src=\"https:\/\/ventamar.com\/wp-content\/uploads\/2025\/10\/Plegable.png\" class=\"attachment-large size-large wp-image-997\" alt=\"\" \/>\t\t\t\t\t\t\t\t\t\t\t\t\t\t\t<\/div>\n\t\t\t\t\t<\/div>\n\t\t\t\t<\/div>\n\t\t<div class=\"elementor-element elementor-element-f5769b9 e-flex e-con-boxed e-con e-parent\" data-id=\"f5769b9\" data-element_type=\"container\">\n\t\t\t\t\t<div class=\"e-con-inner\">\n\t\t\t\t<div class=\"elementor-element elementor-element-c9a40b5 elementor-widget elementor-widget-text-editor\" data-id=\"c9a40b5\" data-element_type=\"widget\" data-widget_type=\"text-editor.default\">\n\t\t\t\t\t\t\t\t\t<p>Disponemos de los siguientes modelos<\/p>\t\t\t\t\t\t\t\t<\/div>\n\t\t\t\t\t<\/div>\n\t\t\t\t<\/div>\n\t\t<div class=\"elementor-element elementor-element-c54efa3 e-grid e-con-boxed e-con e-parent\" data-id=\"c54efa3\" data-element_type=\"container\">\n\t\t\t\t\t<div class=\"e-con-inner\">\n\t\t\t\t<div class=\"elementor-element elementor-element-d931498 elementor--h-position-center elementor--v-position-middle elementor-arrows-position-inside elementor-pagination-position-inside elementor-widget elementor-widget-slides\" data-id=\"d931498\" data-element_type=\"widget\" data-settings=\"{&quot;navigation&quot;:&quot;both&quot;,&quot;autoplay&quot;:&quot;yes&quot;,&quot;pause_on_hover&quot;:&quot;yes&quot;,&quot;pause_on_interaction&quot;:&quot;yes&quot;,&quot;autoplay_speed&quot;:5000,&quot;infinite&quot;:&quot;yes&quot;,&quot;transition&quot;:&quot;slide&quot;,&quot;transition_speed&quot;:500}\" data-widget_type=\"slides.default\">\n\t\t\t\t\t\t\t\t\t\t<div class=\"elementor-slides-wrapper elementor-main-swiper swiper\" role=\"region\" aria-roledescription=\"carousel\" aria-label=\"Slides\" dir=\"ltr\" data-animation=\"fadeInUp\">\n\t\t\t\t<div class=\"swiper-wrapper elementor-slides\">\n\t\t\t\t\t\t\t\t\t\t<div class=\"elementor-repeater-item-26e5743 swiper-slide\" role=\"group\" aria-roledescription=\"slide\"><div class=\"swiper-slide-bg\" role=\"img\"><\/div><div class=\"swiper-slide-inner\" ><div class=\"swiper-slide-contents\"><div class=\"elementor-slide-heading\">PremiLine<\/div><div class=\"elementor-slide-description\">Sistema deslizante sobre ra\u00edles de acero inoxidable de s\u00f3lida estructura y f\u00e1cil manejo. Consigue un desplazamiento suave y silencioso gracias a su s\u00f3lida estructura<\/div><\/div><\/div><\/div>\t\t\t\t<\/div>\n\t\t\t\t\t\t\t<\/div>\n\t\t\t\t\t\t\t\t<\/div>\n\t\t\t\t<div class=\"elementor-element elementor-element-9ecae9f elementor--h-position-center elementor--v-position-middle elementor-arrows-position-inside elementor-pagination-position-inside elementor-widget elementor-widget-slides\" data-id=\"9ecae9f\" data-element_type=\"widget\" data-settings=\"{&quot;navigation&quot;:&quot;both&quot;,&quot;autoplay&quot;:&quot;yes&quot;,&quot;pause_on_hover&quot;:&quot;yes&quot;,&quot;pause_on_interaction&quot;:&quot;yes&quot;,&quot;autoplay_speed&quot;:5000,&quot;infinite&quot;:&quot;yes&quot;,&quot;transition&quot;:&quot;slide&quot;,&quot;transition_speed&quot;:500}\" data-widget_type=\"slides.default\">\n\t\t\t\t\t\t\t\t\t\t<div class=\"elementor-slides-wrapper elementor-main-swiper swiper\" role=\"region\" aria-roledescription=\"carousel\" aria-label=\"Slides\" dir=\"ltr\" data-animation=\"fadeInUp\">\n\t\t\t\t<div class=\"swiper-wrapper elementor-slides\">\n\t\t\t\t\t\t\t\t\t\t<div class=\"elementor-repeater-item-b0c9f33 swiper-slide\" role=\"group\" aria-roledescription=\"slide\"><div class=\"swiper-slide-bg\" role=\"img\"><\/div><div class=\"swiper-slide-inner\" ><div class=\"swiper-slide-contents\"><div class=\"elementor-slide-heading\">Corredera SF3<\/div><div class=\"elementor-slide-description\">La corredera SF3 es ideal para los peque\u00f1os espacios. Un sistema muy vers\u00e1til para ventanas de hasta 4 hojas<\/div><\/div><\/div><\/div>\t\t\t\t<\/div>\n\t\t\t\t\t\t\t<\/div>\n\t\t\t\t\t\t\t\t<\/div>\n\t\t\t\t\t<\/div>\n\t\t\t\t<\/div>\n\t\t<div class=\"elementor-element elementor-element-5659552 e-grid e-con-boxed e-con e-parent\" data-id=\"5659552\" data-element_type=\"container\">\n\t\t\t\t\t<div class=\"e-con-inner\">\n\t\t\t\t<div class=\"elementor-element elementor-element-2430cd1 elementor-widget elementor-widget-image\" data-id=\"2430cd1\" data-element_type=\"widget\" data-widget_type=\"image.default\">\n\t\t\t\t\t\t\t\t\t\t\t\t\t\t\t<img loading=\"lazy\" decoding=\"async\" width=\"1024\" height=\"489\" src=\"https:\/\/ventamar.com\/wp-content\/uploads\/2025\/10\/12-1024x489.jpg\" class=\"attachment-large size-large wp-image-1011\" alt=\"\" srcset=\"https:\/\/ventamar.com\/wp-content\/uploads\/2025\/10\/12-1024x489.jpg 1024w, https:\/\/ventamar.com\/wp-content\/uploads\/2025\/10\/12-300x143.jpg 300w, https:\/\/ventamar.com\/wp-content\/uploads\/2025\/10\/12-768x366.jpg 768w, https:\/\/ventamar.com\/wp-content\/uploads\/2025\/10\/12.jpg 1356w\" sizes=\"(max-width: 1024px) 100vw, 1024px\" \/>\t\t\t\t\t\t\t\t\t\t\t\t\t\t\t<\/div>\n\t\t\t\t<div class=\"elementor-element elementor-element-0c6f5c4 elementor-widget elementor-widget-video\" data-id=\"0c6f5c4\" data-element_type=\"widget\" data-settings=\"{&quot;youtube_url&quot;:&quot;https:\\\/\\\/youtu.be\\\/oqd09bVlOsI?list=TLGGTyaNpu-bLqYwOTEwMjAyNQ&quot;,&quot;video_type&quot;:&quot;youtube&quot;,&quot;controls&quot;:&quot;yes&quot;}\" data-widget_type=\"video.default\">\n\t\t\t\t\t\t\t<div class=\"elementor-wrapper elementor-open-inline\">\n\t\t\t<div class=\"elementor-video\"><\/div>\t\t<\/div>\n\t\t\t\t\t\t<\/div>\n\t\t\t\t\t<\/div>\n\t\t\t\t<\/div>\n\t\t\t\t<\/div>\n\t\t","protected":false},"excerpt":{"rendered":"<p>Las ventanas deslizantes cuentan con la ventaja de que su apertura no ocupa espacio. Sus modernos dise\u00f1os unidos a la calidad de los perfiles garantizan un deslizamiento suave y silencioso Corredera Corredera elevadora Plegable Oscilo Paralela Disponemos de los siguientes modelos PremiLineSistema deslizante sobre ra\u00edles de acero inoxidable de s\u00f3lida estructura y f\u00e1cil manejo. Consigue [&hellip;]<\/p>\n","protected":false},"author":1,"featured_media":0,"parent":0,"menu_order":0,"comment_status":"closed","ping_status":"closed","template":"","meta":{"footnotes":""},"class_list":["post-981","page","type-page","status-publish","hentry"],"_links":{"self":[{"href":"https:\/\/ventamar.com\/index.php?rest_route=\/wp\/v2\/pages\/981","targetHints":{"allow":["GET"]}}],"collection":[{"href":"https:\/\/ventamar.com\/index.php?rest_route=\/wp\/v2\/pages"}],"about":[{"href":"https:\/\/ventamar.com\/index.php?rest_route=\/wp\/v2\/types\/page"}],"author":[{"embeddable":true,"href":"https:\/\/ventamar.com\/index.php?rest_route=\/wp\/v2\/users\/1"}],"replies":[{"embeddable":true,"href":"https:\/\/ventamar.com\/index.php?rest_route=%2Fwp%2Fv2%2Fcomments&post=981"}],"version-history":[{"count":71,"href":"https:\/\/ventamar.com\/index.php?rest_route=\/wp\/v2\/pages\/981\/revisions"}],"predecessor-version":[{"id":1746,"href":"https:\/\/ventamar.com\/index.php?rest_route=\/wp\/v2\/pages\/981\/revisions\/1746"}],"wp:attachment":[{"href":"https:\/\/ventamar.com\/index.php?rest_route=%2Fwp%2Fv2%2Fmedia&parent=981"}],"curies":[{"name":"wp","href":"https:\/\/api.w.org\/{rel}","templated":true}]}}