{"id":513,"date":"2025-10-06T10:05:16","date_gmt":"2025-10-06T10:05:16","guid":{"rendered":"https:\/\/ventamar.com\/?page_id=513"},"modified":"2025-10-14T09:26:02","modified_gmt":"2025-10-14T09:26:02","slug":"puertas-abatibles","status":"publish","type":"page","link":"https:\/\/ventamar.com\/?page_id=513","title":{"rendered":"Puertas abatibles"},"content":{"rendered":"\t\t<div data-elementor-type=\"wp-page\" data-elementor-id=\"513\" class=\"elementor elementor-513\" data-elementor-post-type=\"page\">\n\t\t\t\t<div class=\"elementor-element elementor-element-07a8514 e-flex e-con-boxed e-con e-parent\" data-id=\"07a8514\" data-element_type=\"container\">\n\t\t\t\t\t<div class=\"e-con-inner\">\n\t\t\t\t<div class=\"elementor-element elementor-element-4409335 elementor-widget elementor-widget-text-editor\" data-id=\"4409335\" data-element_type=\"widget\" data-widget_type=\"text-editor.default\">\n\t\t\t\t\t\t\t\t\t<div class=\"\" data-mesh-id=\"comp-jozoxusginlineContent\" data-testid=\"inline-content\"><div data-mesh-id=\"comp-jozoxusginlineContent-gridContainer\" data-testid=\"mesh-container-content\"><div id=\"comp-jozoxusr\" class=\"Z_l5lU MMl86N zQ9jDz qvSjx3 Vq6kJx comp-jozoxusr wixui-rich-text\" data-testid=\"richTextElement\"><p class=\"font_8 wixui-rich-text__text\">Estos sistemas son ideales para puertas de entrada ya que permiten gran variedad de refuerzos de acero, as\u00ed como paneles, vidrios reforzados y otros complementos.<\/p><p class=\"font_8 wixui-rich-text__text\">Tambi\u00e9n son muy adecuadas para terrazas e interiores cuando queremos mantener un buen nivel de aislamiento t\u00e9rmico y ac\u00fastico.<\/p><p class=\"font_8 wixui-rich-text__text\">Formas de apertura de las puertas con sistemas deslizantes:<\/p><ul class=\"font_8 wixui-rich-text__text\"><li class=\"wixui-rich-text__text\"><p class=\"font_8 wixui-rich-text__text\">Abatible de giro vertical:\u00a0La hoja abre girando sobre un eje vertical (donde est\u00e1n las bisagras). Adem\u00e1s puede ser de apertura exterior e interior. Sistemas que se pueden utilizar:\u00a0<span style=\"color: #000000;\"><span class=\"wixui-rich-text__text\"><a class=\"wixui-rich-text__text\" style=\"color: #000000;\" href=\"http:\/\/www.kommerling.es\/puertas\/abatibles\/eurofuturelegance\" target=\"_blank\" rel=\"noopener\">EuroFutur Elegance<\/a><\/span>\u00a0y\u00a0<span class=\"wixui-rich-text__text\"><a class=\"wixui-rich-text__text\" style=\"color: #000000;\" href=\"http:\/\/www.kommerling.es\/puertas\/abatibles\/eurodur-3s\" target=\"_blank\" rel=\"noopener\">Eurodur 3S<\/a><\/span>.<\/span><\/p><\/li><li class=\"wixui-rich-text__text\"><p class=\"font_8 wixui-rich-text__text\">Abatible de giro horizontal:\u00a0La hoja abre girando sobre un eje horizontal. Cuando abre hacia el exterior se suele denominar ventana proyectante. Sistemas que pueden utilizarse: Sistemas que se pueden utilizar:\u00a0<span style=\"color: #000000;\"><span class=\"wixui-rich-text__text\"><a class=\"wixui-rich-text__text\" style=\"color: #000000;\" href=\"http:\/\/www.kommerling.es\/puertas\/abatibles\/eurofuturelegance\" target=\"_blank\" rel=\"noopener\">EuroFutur Elegance<\/a><\/span>\u00a0y\u00a0<span class=\"wixui-rich-text__text\"><a class=\"wixui-rich-text__text\" style=\"color: #000000;\" href=\"http:\/\/www.kommerling.es\/puertas\/abatibles\/eurodur-3s\" target=\"_blank\" rel=\"noopener\">Eurodur 3S<\/a><\/span>.<\/span><\/p><\/li><li class=\"wixui-rich-text__text\"><p class=\"font_8 wixui-rich-text__text\">Oscilobatiente (o practicable-abatible):\u00a0El herraje permite que la hoja abra de dos maneras, combinando las dos anteriores (abatible y practicable). Sistemas que se pueden utilizar:\u00a0<span style=\"color: #000000;\"><span class=\"wixui-rich-text__text\"><a class=\"wixui-rich-text__text\" style=\"color: #000000;\" href=\"http:\/\/www.kommerling.es\/puertas\/abatibles\/eurofuturelegance\" target=\"_blank\" rel=\"noopener\">EuroFutur Elegance<\/a><\/span>\u00a0y\u00a0<span class=\"wixui-rich-text__text\"><a class=\"wixui-rich-text__text\" style=\"color: #000000;\" href=\"http:\/\/www.kommerling.es\/puertas\/abatibles\/eurodur-3s\" target=\"_blank\" rel=\"noopener\">Eurodur 3S<\/a><\/span>.<\/span><\/p><\/li><\/ul><\/div><\/div><\/div>\t\t\t\t\t\t\t\t<\/div>\n\t\t\t\t\t<\/div>\n\t\t\t\t<\/div>\n\t\t<div class=\"elementor-element elementor-element-0bff1ab e-flex e-con-boxed e-con e-parent\" data-id=\"0bff1ab\" data-element_type=\"container\">\n\t\t\t\t\t<div class=\"e-con-inner\">\n\t\t<div class=\"elementor-element elementor-element-c549141 e-con-full e-flex e-con e-child\" data-id=\"c549141\" data-element_type=\"container\">\n\t\t\t\t<div class=\"elementor-element elementor-element-b4af1fe elementor-widget__width-initial elementor-widget elementor-widget-video\" data-id=\"b4af1fe\" data-element_type=\"widget\" data-settings=\"{&quot;video_type&quot;:&quot;hosted&quot;,&quot;controls&quot;:&quot;yes&quot;}\" data-widget_type=\"video.default\">\n\t\t\t\t\t\t\t<div class=\"e-hosted-video elementor-wrapper elementor-open-inline\">\n\t\t\t\t\t<video class=\"elementor-video\" src=\"https:\/\/ventamar.com\/wp-content\/uploads\/2025\/10\/file.mp4\" controls=\"\" preload=\"metadata\" controlsList=\"nodownload\"><\/video>\n\t\t\t\t<\/div>\n\t\t\t\t\t\t<\/div>\n\t\t\t\t<\/div>\n\t\t<div class=\"elementor-element elementor-element-37e44f7 e-con-full e-flex e-con e-child\" data-id=\"37e44f7\" data-element_type=\"container\">\n\t\t\t\t<div class=\"elementor-element elementor-element-a3fb245 elementor-align-center elementor-widget__width-initial elementor-widget elementor-widget-button\" data-id=\"a3fb245\" data-element_type=\"widget\" data-widget_type=\"button.default\">\n\t\t\t\t\t\t\t\t\t\t<a class=\"elementor-button elementor-button-link elementor-size-sm\" href=\"?index.php#plegable\">\n\t\t\t\t\t\t<span class=\"elementor-button-content-wrapper\">\n\t\t\t\t\t\t\t\t\t<span class=\"elementor-button-text\">Plegable<\/span>\n\t\t\t\t\t<\/span>\n\t\t\t\t\t<\/a>\n\t\t\t\t\t\t\t\t<\/div>\n\t\t\t\t<\/div>\n\t\t\t\t\t<\/div>\n\t\t\t\t<\/div>\n\t\t<div class=\"elementor-element elementor-element-fa6111d e-flex e-con-boxed e-con e-parent\" data-id=\"fa6111d\" data-element_type=\"container\">\n\t\t\t\t\t<div class=\"e-con-inner\">\n\t\t\t\t<div class=\"elementor-element elementor-element-ada64b1 elementor-widget elementor-widget-text-editor\" data-id=\"ada64b1\" data-element_type=\"widget\" data-widget_type=\"text-editor.default\">\n\t\t\t\t\t\t\t\t\t<div id=\"comp-jozoxuug\" class=\"Z_l5lU MMl86N zQ9jDz qvSjx3 Vq6kJx comp-jozoxuug wixui-rich-text\" data-testid=\"richTextElement\"><p class=\"font_7 wixui-rich-text__text\"><span class=\"wixui-rich-text__text\">Nuestro distribuido K\u00f6mmerling\u00a0cuenta con los siguientes modelos<\/span><\/p><\/div><div id=\"comp-jozoxuun\" class=\"KaEeLN comp-jozoxuun\" tabindex=\"0\" role=\"region\" aria-label=\"cambios en el contenido al pasar el cursor\">\u00a0<\/div>\t\t\t\t\t\t\t\t<\/div>\n\t\t\t\t\t<\/div>\n\t\t\t\t<\/div>\n\t\t<div class=\"elementor-element elementor-element-d299887 e-grid e-con-boxed e-con e-parent\" data-id=\"d299887\" data-element_type=\"container\">\n\t\t\t\t\t<div class=\"e-con-inner\">\n\t\t\t\t<div class=\"elementor-element elementor-element-590bfd5 e-transform elementor--h-position-center elementor--v-position-middle elementor-widget elementor-widget-slides\" data-id=\"590bfd5\" data-element_type=\"widget\" data-settings=\"{&quot;navigation&quot;:&quot;none&quot;,&quot;_animation&quot;:&quot;none&quot;,&quot;_transform_scale_effect&quot;:{&quot;unit&quot;:&quot;px&quot;,&quot;size&quot;:0.7,&quot;sizes&quot;:[]},&quot;transition&quot;:&quot;slide&quot;,&quot;transition_speed&quot;:500,&quot;_transform_scale_effect_tablet&quot;:{&quot;unit&quot;:&quot;px&quot;,&quot;size&quot;:&quot;&quot;,&quot;sizes&quot;:[]},&quot;_transform_scale_effect_mobile&quot;:{&quot;unit&quot;:&quot;px&quot;,&quot;size&quot;:&quot;&quot;,&quot;sizes&quot;:[]}}\" data-widget_type=\"slides.default\">\n\t\t\t\t\t\t\t\t\t\t<div class=\"elementor-slides-wrapper elementor-main-swiper swiper\" role=\"region\" aria-roledescription=\"carousel\" aria-label=\"mi-slide\" dir=\"ltr\" data-animation=\"fadeInDown\">\n\t\t\t\t<div class=\"swiper-wrapper elementor-slides\">\n\t\t\t\t\t\t\t\t\t\t<div class=\"elementor-repeater-item-926eb49 swiper-slide\" role=\"group\" aria-roledescription=\"slide\"><div class=\"swiper-slide-bg\" role=\"img\"><\/div><div class=\"swiper-slide-inner\" ><div class=\"swiper-slide-contents\"><div class=\"elementor-slide-heading\">Puerta Acceso Zapata_A<\/div><div class=\"elementor-slide-description\">Realizadas con el perfil EuroFutur Elegance y gu\u00eda inferior (Zapata_A) ofrecen m\u00e1xima seguridad, resistencia y aislamiento para su vivienda con variados dise\u00f1os.<\/div><\/div><\/div><\/div>\t\t\t\t<\/div>\n\t\t\t\t\t\t\t<\/div>\n\t\t\t\t\t\t\t\t<\/div>\n\t\t\t\t<div class=\"elementor-element elementor-element-86f766c e-transform elementor--h-position-center elementor--v-position-middle elementor-arrows-position-inside elementor-pagination-position-inside elementor-widget elementor-widget-slides\" data-id=\"86f766c\" data-element_type=\"widget\" data-settings=\"{&quot;_transform_scale_effect&quot;:{&quot;unit&quot;:&quot;px&quot;,&quot;size&quot;:0.7,&quot;sizes&quot;:[]},&quot;_animation&quot;:&quot;none&quot;,&quot;navigation&quot;:&quot;both&quot;,&quot;infinite&quot;:&quot;yes&quot;,&quot;transition&quot;:&quot;slide&quot;,&quot;transition_speed&quot;:500,&quot;_transform_scale_effect_tablet&quot;:{&quot;unit&quot;:&quot;px&quot;,&quot;size&quot;:&quot;&quot;,&quot;sizes&quot;:[]},&quot;_transform_scale_effect_mobile&quot;:{&quot;unit&quot;:&quot;px&quot;,&quot;size&quot;:&quot;&quot;,&quot;sizes&quot;:[]}}\" data-widget_type=\"slides.default\">\n\t\t\t\t\t\t\t\t\t\t<div class=\"elementor-slides-wrapper elementor-main-swiper swiper\" role=\"region\" aria-roledescription=\"carousel\" aria-label=\"\" dir=\"ltr\" data-animation=\"fadeInDown\">\n\t\t\t\t<div class=\"swiper-wrapper elementor-slides\">\n\t\t\t\t\t\t\t\t\t\t<div class=\"elementor-repeater-item-2a46d80 swiper-slide\" role=\"group\" aria-roledescription=\"slide\"><div class=\"swiper-slide-bg\" role=\"img\"><\/div><div class=\"swiper-slide-inner\" ><div class=\"swiper-slide-contents\"><div class=\"elementor-slide-heading\">Puerta Acceso Zapata_B<\/div><div class=\"elementor-slide-description\">Realizadas con el perfil EuroFutur Elegance y gu\u00eda inferior (Zapata_B) ofrecen m\u00e1xima seguridad, resistencia y aislamiento para su vivienda con variados dise\u00f1os.<\/div><\/div><\/div><\/div>\t\t\t\t<\/div>\n\t\t\t\t\t\t\t<\/div>\n\t\t\t\t\t\t\t\t<\/div>\n\t\t\t\t\t<\/div>\n\t\t\t\t<\/div>\n\t\t<div class=\"elementor-element elementor-element-b5adb0e e-grid e-con-full e-con e-parent\" data-id=\"b5adb0e\" data-element_type=\"container\">\n\t\t\t\t<div class=\"elementor-element elementor-element-cfa02b6 elementor-widget elementor-widget-video\" data-id=\"cfa02b6\" data-element_type=\"widget\" data-settings=\"{&quot;youtube_url&quot;:&quot;https:\\\/\\\/www.youtube.com\\\/watch?v=oqd09bVlOsI&amp;list=TLGGTyaNpu-bLqYwNzEwMjAyNQ&quot;,&quot;video_type&quot;:&quot;youtube&quot;,&quot;controls&quot;:&quot;yes&quot;}\" data-widget_type=\"video.default\">\n\t\t\t\t\t\t\t<div class=\"elementor-wrapper elementor-open-inline\">\n\t\t\t<div class=\"elementor-video\"><\/div>\t\t<\/div>\n\t\t\t\t\t\t<\/div>\n\t\t\t\t<div class=\"elementor-element elementor-element-9904614 elementor-widget elementor-widget-image\" data-id=\"9904614\" data-element_type=\"widget\" data-widget_type=\"image.default\">\n\t\t\t\t\t\t\t\t\t\t\t\t\t\t\t<img decoding=\"async\" src=\"https:\/\/i.ibb.co\/kV2SxZPk\/colores-Kommerling.jpg\" title=\"\" alt=\"imagen\" loading=\"lazy\" \/>\t\t\t\t\t\t\t\t\t\t\t\t\t\t\t<\/div>\n\t\t\t\t<\/div>\n\t\t\t\t<\/div>\n\t\t","protected":false},"excerpt":{"rendered":"<p>Estos sistemas son ideales para puertas de entrada ya que permiten gran variedad de refuerzos de acero, as\u00ed como paneles, vidrios reforzados y otros complementos. Tambi\u00e9n son muy adecuadas para terrazas e interiores cuando queremos mantener un buen nivel de aislamiento t\u00e9rmico y ac\u00fastico. Formas de apertura de las puertas con sistemas deslizantes: Abatible de [&hellip;]<\/p>\n","protected":false},"author":1,"featured_media":131,"parent":104,"menu_order":0,"comment_status":"closed","ping_status":"closed","template":"","meta":{"footnotes":""},"class_list":["post-513","page","type-page","status-publish","has-post-thumbnail","hentry"],"_links":{"self":[{"href":"https:\/\/ventamar.com\/index.php?rest_route=\/wp\/v2\/pages\/513","targetHints":{"allow":["GET"]}}],"collection":[{"href":"https:\/\/ventamar.com\/index.php?rest_route=\/wp\/v2\/pages"}],"about":[{"href":"https:\/\/ventamar.com\/index.php?rest_route=\/wp\/v2\/types\/page"}],"author":[{"embeddable":true,"href":"https:\/\/ventamar.com\/index.php?rest_route=\/wp\/v2\/users\/1"}],"replies":[{"embeddable":true,"href":"https:\/\/ventamar.com\/index.php?rest_route=%2Fwp%2Fv2%2Fcomments&post=513"}],"version-history":[{"count":526,"href":"https:\/\/ventamar.com\/index.php?rest_route=\/wp\/v2\/pages\/513\/revisions"}],"predecessor-version":[{"id":1682,"href":"https:\/\/ventamar.com\/index.php?rest_route=\/wp\/v2\/pages\/513\/revisions\/1682"}],"up":[{"embeddable":true,"href":"https:\/\/ventamar.com\/index.php?rest_route=\/wp\/v2\/pages\/104"}],"wp:featuredmedia":[{"embeddable":true,"href":"https:\/\/ventamar.com\/index.php?rest_route=\/wp\/v2\/media\/131"}],"wp:attachment":[{"href":"https:\/\/ventamar.com\/index.php?rest_route=%2Fwp%2Fv2%2Fmedia&parent=513"}],"curies":[{"name":"wp","href":"https:\/\/api.w.org\/{rel}","templated":true}]}}